{"id":2,"date":"2017-01-26T21:31:15","date_gmt":"2017-01-26T21:31:15","guid":{"rendered":"http:\/\/www.apps.iser.edu.co\/sig\/?page_id=2"},"modified":"2024-02-05T23:00:02","modified_gmt":"2024-02-05T23:00:02","slug":"pagina-ejemplo","status":"publish","type":"page","link":"https:\/\/sig.iser.edu.co\/index.php\/pagina-ejemplo\/","title":{"rendered":"MISI\u00d3N"},"content":{"rendered":"<h1 style=\"text-align: left;\"><em>Desarrollar con calidad y pertinencia, procesos formativos, de extensi\u00f3n, investigaci\u00f3n y bienestar que cualifiquen el talento humano y contribuyan tanto a la generaci\u00f3n de cambios en su contexto de actuaci\u00f3n como a la consolidaci\u00f3n de una sociedad pac\u00edfica, justa, democr\u00e1tica e incluyente, atendiendo la propuesta del Desarrollo Humano<\/em>.<\/h1>\n","protected":false},"excerpt":{"rendered":"<p>Desarrollar con calidad y pertinencia, procesos formativos, de extensi\u00f3n, investigaci\u00f3n y bienestar que cualifiquen el talento humano y contribuyan tanto a la generaci\u00f3n de cambios en su contexto de actuaci\u00f3n como a la consolidaci\u00f3n de una sociedad pac\u00edfica, justa, democr\u00e1tica e incluyente, atendiendo la propuesta del Desarrollo Humano.<\/p>\n","protected":false},"author":1,"featured_media":0,"parent":0,"menu_order":0,"comment_status":"closed","ping_status":"open","template":"","meta":{"footnotes":""},"class_list":["post-2","page","type-page","status-publish","hentry"],"_links":{"self":[{"href":"https:\/\/sig.iser.edu.co\/index.php\/wp-json\/wp\/v2\/pages\/2","targetHints":{"allow":["GET"]}}],"collection":[{"href":"https:\/\/sig.iser.edu.co\/index.php\/wp-json\/wp\/v2\/pages"}],"about":[{"href":"https:\/\/sig.iser.edu.co\/index.php\/wp-json\/wp\/v2\/types\/page"}],"author":[{"embeddable":true,"href":"https:\/\/sig.iser.edu.co\/index.php\/wp-json\/wp\/v2\/users\/1"}],"replies":[{"embeddable":true,"href":"https:\/\/sig.iser.edu.co\/index.php\/wp-json\/wp\/v2\/comments?post=2"}],"version-history":[{"count":3,"href":"https:\/\/sig.iser.edu.co\/index.php\/wp-json\/wp\/v2\/pages\/2\/revisions"}],"predecessor-version":[{"id":5144,"href":"https:\/\/sig.iser.edu.co\/index.php\/wp-json\/wp\/v2\/pages\/2\/revisions\/5144"}],"wp:attachment":[{"href":"https:\/\/sig.iser.edu.co\/index.php\/wp-json\/wp\/v2\/media?parent=2"}],"curies":[{"name":"wp","href":"https:\/\/api.w.org\/{rel}","templated":true}]}}