{"id":326,"date":"2017-02-02T23:08:44","date_gmt":"2017-02-02T23:08:44","guid":{"rendered":"http:\/\/www.apps.iser.edu.co\/sig\/?page_id=326"},"modified":"2024-10-04T15:56:53","modified_gmt":"2024-10-04T15:56:53","slug":"procedimientos-investigacion","status":"publish","type":"page","link":"https:\/\/sig.iser.edu.co\/index.php\/procedimientos-investigacion\/","title":{"rendered":"PROCEDIMIENTOS INVESTIGACI\u00d3N"},"content":{"rendered":"<table width=\"100%\">\n<tbody>\n<tr>\n<td width=\"16%\">\n<p style=\"text-align: center;\"><strong>C\u00d3DIGO<\/strong><\/p>\n<\/td>\n<td width=\"52%\">\n<p style=\"text-align: center;\"><strong>NOMBRE DEL DOCUMENTO<\/strong><\/p>\n<\/td>\n<td width=\"14%\">\n<p style=\"text-align: center;\"><strong>VERSI\u00d3N<\/strong><\/p>\n<\/td>\n<td width=\"14%\">\n<p style=\"text-align: center;\"><strong>FECHA<\/strong><\/p>\n<\/td>\n<\/tr>\n<tr>\n<td width=\"16%\">\n<p style=\"text-align: center;\">P-INV-01<\/p>\n<\/td>\n<td width=\"52%\"><a href=\"https:\/\/sig.iser.edu.co\/wp-content\/uploads\/2024\/10\/P-INV-01-Procedimiento-Conformaci\u00f3n-de-Semilleros-y-Grupos-de-Investigaci\u00f3n-v02.pdf\">Conformaci\u00f3n de Semilleros y Grupos de Investigaci\u00f3n<\/a><\/td>\n<td width=\"14%\">\n<p style=\"text-align: center;\">02<\/p>\n<\/td>\n<td width=\"14%\">\n<p style=\"text-align: center;\">01\/08\/2024<\/p>\n<\/td>\n<\/tr>\n<tr>\n<td width=\"16%\">\n<p style=\"text-align: center;\">P-INV-02<\/p>\n<\/td>\n<td width=\"52%\"><a href=\"https:\/\/sig.iser.edu.co\/wp-content\/uploads\/2024\/10\/P-INV-02-Procedimiento-Gesti\u00f3n-de-Convocatorias-del-Sistema-de-Investigaci\u00f3n-v02.pdf\">Gesti\u00f3n de Convocatorias del Sistema de Investigaci\u00f3n<\/a><\/td>\n<td width=\"14%\">\n<p style=\"text-align: center;\">02<\/p>\n<\/td>\n<td width=\"14%\">\n<p style=\"text-align: center;\">01\/08\/2024<\/p>\n<\/td>\n<\/tr>\n<tr>\n<td width=\"16%\">\n<p style=\"text-align: center;\">P-INV-03<\/p>\n<\/td>\n<td width=\"52%\"><a href=\"https:\/\/sig.iser.edu.co\/wp-content\/uploads\/2024\/10\/P-INV-03-Gesti\u00f3n-de-Convocatorias-de-Evaluadores-Externos-de-Investigaci\u00f3n-v02.pdf\">Gesti\u00f3n de Convocatorias de Evaluadores Externos de Investigaci\u00f3n<\/a><\/td>\n<td width=\"14%\">\n<p style=\"text-align: center;\">02<\/p>\n<\/td>\n<td width=\"14%\">\n<p style=\"text-align: center;\">01\/08\/2024<\/p>\n<\/td>\n<\/tr>\n<tr>\n<td width=\"16%\">\n<p style=\"text-align: center;\">P-INV-04<\/p>\n<\/td>\n<td width=\"52%\"><a href=\"https:\/\/sig.iser.edu.co\/wp-content\/uploads\/2024\/10\/P-INV-04-Publicaci\u00f3n-de-Art\u00edculos-v02.pdf\">Publicaci\u00f3n de Art\u00edculos<\/a><\/td>\n<td width=\"14%\">\n<p style=\"text-align: center;\">02<\/p>\n<\/td>\n<td width=\"14%\">\n<p style=\"text-align: center;\">01\/08\/2024<\/p>\n<\/td>\n<\/tr>\n<\/tbody>\n<\/table>\n","protected":false},"excerpt":{"rendered":"<p>C\u00d3DIGO NOMBRE DEL DOCUMENTO VERSI\u00d3N FECHA P-INV-01 Conformaci\u00f3n de Semilleros y Grupos de Investigaci\u00f3n 02 01\/08\/2024 P-INV-02 Gesti\u00f3n de Convocatorias del Sistema de Investigaci\u00f3n 02 01\/08\/2024 P-INV-03 Gesti\u00f3n de Convocatorias de Evaluadores Externos de Investigaci\u00f3n 02 01\/08\/2024 P-INV-04 Publicaci\u00f3n de Art\u00edculos 02 01\/08\/2024<\/p>\n","protected":false},"author":1,"featured_media":0,"parent":0,"menu_order":0,"comment_status":"closed","ping_status":"closed","template":"","meta":{"footnotes":""},"class_list":["post-326","page","type-page","status-publish","hentry"],"_links":{"self":[{"href":"https:\/\/sig.iser.edu.co\/index.php\/wp-json\/wp\/v2\/pages\/326","targetHints":{"allow":["GET"]}}],"collection":[{"href":"https:\/\/sig.iser.edu.co\/index.php\/wp-json\/wp\/v2\/pages"}],"about":[{"href":"https:\/\/sig.iser.edu.co\/index.php\/wp-json\/wp\/v2\/types\/page"}],"author":[{"embeddable":true,"href":"https:\/\/sig.iser.edu.co\/index.php\/wp-json\/wp\/v2\/users\/1"}],"replies":[{"embeddable":true,"href":"https:\/\/sig.iser.edu.co\/index.php\/wp-json\/wp\/v2\/comments?post=326"}],"version-history":[{"count":26,"href":"https:\/\/sig.iser.edu.co\/index.php\/wp-json\/wp\/v2\/pages\/326\/revisions"}],"predecessor-version":[{"id":6056,"href":"https:\/\/sig.iser.edu.co\/index.php\/wp-json\/wp\/v2\/pages\/326\/revisions\/6056"}],"wp:attachment":[{"href":"https:\/\/sig.iser.edu.co\/index.php\/wp-json\/wp\/v2\/media?parent=326"}],"curies":[{"name":"wp","href":"https:\/\/api.w.org\/{rel}","templated":true}]}}