{"id":332,"date":"2017-02-02T23:09:59","date_gmt":"2017-02-02T23:09:59","guid":{"rendered":"http:\/\/www.apps.iser.edu.co\/sig\/?page_id=332"},"modified":"2024-08-14T15:59:37","modified_gmt":"2024-08-14T15:59:37","slug":"formatos-investigacion","status":"publish","type":"page","link":"https:\/\/sig.iser.edu.co\/index.php\/formatos-investigacion\/","title":{"rendered":"FORMATOS INVESTIGACI\u00d3N"},"content":{"rendered":"<table width=\"100%\">\n<tbody>\n<tr>\n<td width=\"16%\">\n<p style=\"text-align: center;\"><strong>C\u00d3DIGO<\/strong><\/p>\n<\/td>\n<td width=\"52%\">\n<p style=\"text-align: center;\"><strong>NOMBRE DEL DOCUMENTO<\/strong><\/p>\n<\/td>\n<td width=\"14%\">\n<p style=\"text-align: center;\"><strong>VERSI\u00d3N<\/strong><\/p>\n<\/td>\n<td width=\"14%\">\n<p style=\"text-align: center;\"><strong>FECHA<\/strong><\/p>\n<\/td>\n<\/tr>\n<tr>\n<td width=\"16%\">\n<p style=\"text-align: center;\">F-INV-01<\/p>\n<\/td>\n<td width=\"52%\"><a href=\"https:\/\/sig.iser.edu.co\/wp-content\/uploads\/2024\/08\/F-INV-01-Inscripci\u00f3n-o-Actualizaci\u00f3n-de-Grupos-y-Semilleros-de-Investigaci\u00f3n-v02.docx\">Inscripci\u00f3n o Actualizaci\u00f3n de Grupos y Semilleros de Investigaci\u00f3n<\/a><\/td>\n<td width=\"14%\">\n<p style=\"text-align: center;\">02<\/p>\n<\/td>\n<td width=\"14%\">\n<p style=\"text-align: center;\">01\/08\/2024<\/p>\n<\/td>\n<\/tr>\n<tr>\n<td width=\"16%\">\n<p style=\"text-align: center;\">F-INV-02<\/p>\n<\/td>\n<td width=\"52%\"><a href=\"https:\/\/sig.iser.edu.co\/wp-content\/uploads\/2024\/08\/F-INV-02-Solicitud-de-Horas-Dedicadas-a-Investigaci\u00f3n-por-Per\u00edodo-Acad\u00e9mico-v02.docx\">Solicitud de Horas Dedicadas a Investigaci\u00f3n por Per\u00edodo Acad\u00e9mico<\/a><\/td>\n<td width=\"14%\">\n<p style=\"text-align: center;\">02<\/p>\n<\/td>\n<td width=\"14%\">\n<p style=\"text-align: center;\">01\/08\/2024<\/p>\n<\/td>\n<\/tr>\n<tr>\n<td width=\"16%\">\n<p style=\"text-align: center;\">F-INV-03<\/p>\n<\/td>\n<td width=\"52%\"><a href=\"https:\/\/sig.iser.edu.co\/wp-content\/uploads\/2024\/08\/F-INV-03-Informe-de-Puntos-de-Responsabilidad-de-Investigaci\u00f3n-v02.docx\">Informe de Puntos de Responsabilidad de Investigaci\u00f3n<\/a><\/td>\n<td width=\"14%\">\n<p style=\"text-align: center;\">02<\/p>\n<\/td>\n<td width=\"14%\">\n<p style=\"text-align: center;\">01\/08\/2024<\/p>\n<\/td>\n<\/tr>\n<tr>\n<td width=\"16%\">\n<p style=\"text-align: center;\">F-INV-04<\/p>\n<\/td>\n<td width=\"52%\"><a href=\"https:\/\/sig.iser.edu.co\/wp-content\/uploads\/2024\/08\/F-INV-04-Plan-de-Desarrollo-de-Grupos-de-Investigaci\u00f3n-v02.docx\">Plan de Desarrollo de Grupos de Investigaci\u00f3n<\/a><\/td>\n<td width=\"14%\">\n<p style=\"text-align: center;\">02<\/p>\n<\/td>\n<td width=\"14%\">\n<p style=\"text-align: center;\">01\/08\/2024<\/p>\n<\/td>\n<\/tr>\n<tr>\n<td width=\"16%\">\n<p style=\"text-align: center;\">F-INV-05<\/p>\n<\/td>\n<td width=\"52%\"><a href=\"https:\/\/sig.iser.edu.co\/wp-content\/uploads\/2024\/08\/F-INV-05-Informes-de-Plan-de-Desarrollo-de-Grupos-de-Investigaci\u00f3n-v02.docx\">Informes de Plan de Desarrollo de Grupos de Investigaci\u00f3n<\/a><\/td>\n<td width=\"14%\">\n<p style=\"text-align: center;\">02<\/p>\n<\/td>\n<td width=\"14%\">\n<p style=\"text-align: center;\">01\/08\/2024<\/p>\n<\/td>\n<\/tr>\n<tr>\n<td width=\"16%\">\n<p style=\"text-align: center;\">F-INV-06<\/p>\n<\/td>\n<td width=\"52%\"><a href=\"https:\/\/sig.iser.edu.co\/wp-content\/uploads\/2024\/08\/F-INV-06-T\u00e9rminos-de-Referencia-de-las-Convocatorias-Internas-v02.docx\">T\u00e9rminos de Referencia de las Convocatorias Internas<\/a><\/td>\n<td width=\"14%\">\n<p style=\"text-align: center;\">02<\/p>\n<\/td>\n<td width=\"14%\">\n<p style=\"text-align: center;\">01\/08\/2024<\/p>\n<\/td>\n<\/tr>\n<tr>\n<td width=\"16%\">\n<p style=\"text-align: center;\">F-INV-07<\/p>\n<\/td>\n<td width=\"52%\"><a href=\"https:\/\/sig.iser.edu.co\/wp-content\/uploads\/2024\/08\/F-INV-07-Propuesta-de-Proyectos-de-Grupos-y-Semilleros-de-Investigaci\u00f3n-v02.docx\">Propuesta de Proyectos de Grupos y Semilleros de Investigaci\u00f3n<\/a><\/td>\n<td width=\"14%\">\n<p style=\"text-align: center;\">02<\/p>\n<\/td>\n<td width=\"14%\">\n<p style=\"text-align: center;\">01\/08\/2024<\/p>\n<\/td>\n<\/tr>\n<tr>\n<td width=\"16%\">\n<p style=\"text-align: center;\">F-INV-08<\/p>\n<\/td>\n<td width=\"52%\"><a href=\"https:\/\/sig.iser.edu.co\/wp-content\/uploads\/2024\/08\/F-INV-08-Evaluaci\u00f3n-de-Proyectos-de-Investigaci\u00f3n-v02.docx\">Evaluaci\u00f3n de Proyectos de Investigaci\u00f3n<\/a><\/td>\n<td width=\"14%\">\n<p style=\"text-align: center;\">02<\/p>\n<\/td>\n<td width=\"14%\">\n<p style=\"text-align: center;\">01\/08\/2024<\/p>\n<\/td>\n<\/tr>\n<tr>\n<td width=\"16%\">\n<p style=\"text-align: center;\">F-INV-09<\/p>\n<\/td>\n<td width=\"52%\"><a href=\"https:\/\/sig.iser.edu.co\/wp-content\/uploads\/2024\/08\/F-INV-09-Acta-de-Apertura-y-Cierre-de-Proyecto-de-Investigaci\u00f3n-v02.docx\">Acta de Apertura y Cierre de Proyecto de Investigaci\u00f3n<\/a><\/td>\n<td width=\"14%\">\n<p style=\"text-align: center;\">02<\/p>\n<\/td>\n<td width=\"14%\">\n<p style=\"text-align: center;\">01\/08\/2024<\/p>\n<\/td>\n<\/tr>\n<tr>\n<td width=\"16%\">\n<p style=\"text-align: center;\">F-INV-10<\/p>\n<\/td>\n<td width=\"52%\"><a href=\"https:\/\/sig.iser.edu.co\/wp-content\/uploads\/2024\/08\/F-INV-10-Evaluaci\u00f3n-de-Art\u00edculos-v02.docx\">Evaluaci\u00f3n de Art\u00edculos<\/a><\/td>\n<td width=\"14%\">\n<p style=\"text-align: center;\">02<\/p>\n<\/td>\n<td width=\"14%\">\n<p style=\"text-align: center;\">01\/08\/2024<\/p>\n<\/td>\n<\/tr>\n<tr>\n<td width=\"16%\">\n<p style=\"text-align: center;\">F-INV-11<\/p>\n<\/td>\n<td width=\"52%\"><a href=\"https:\/\/sig.iser.edu.co\/wp-content\/uploads\/2024\/08\/F-INV-11-Declaraci\u00f3n-de-Originalidad-de-Art\u00edculos-v02.docx\">Declaraci\u00f3n de Originalidad de Art\u00edculos<\/a><\/td>\n<td width=\"14%\">\n<p style=\"text-align: center;\">02<\/p>\n<\/td>\n<td width=\"14%\">\n<p style=\"text-align: center;\">01\/08\/2024<\/p>\n<\/td>\n<\/tr>\n<\/tbody>\n<\/table>\n","protected":false},"excerpt":{"rendered":"<p>C\u00d3DIGO NOMBRE DEL DOCUMENTO VERSI\u00d3N FECHA F-INV-01 Inscripci\u00f3n o Actualizaci\u00f3n de Grupos y Semilleros de Investigaci\u00f3n 02 01\/08\/2024 F-INV-02 Solicitud de Horas Dedicadas a Investigaci\u00f3n por Per\u00edodo Acad\u00e9mico 02 01\/08\/2024 F-INV-03 Informe de Puntos de Responsabilidad de Investigaci\u00f3n 02 01\/08\/2024 F-INV-04 Plan de Desarrollo de Grupos de Investigaci\u00f3n 02 01\/08\/2024 F-INV-05 Informes de Plan de <a href=\"https:\/\/sig.iser.edu.co\/index.php\/formatos-investigacion\/\" rel=\"nofollow\"><span class=\"sr-only\">Read more about FORMATOS INVESTIGACI\u00d3N<\/span>[&#8230;]<\/a><\/p>\n","protected":false},"author":1,"featured_media":0,"parent":0,"menu_order":0,"comment_status":"closed","ping_status":"closed","template":"","meta":{"footnotes":""},"class_list":["post-332","page","type-page","status-publish","hentry"],"_links":{"self":[{"href":"https:\/\/sig.iser.edu.co\/index.php\/wp-json\/wp\/v2\/pages\/332","targetHints":{"allow":["GET"]}}],"collection":[{"href":"https:\/\/sig.iser.edu.co\/index.php\/wp-json\/wp\/v2\/pages"}],"about":[{"href":"https:\/\/sig.iser.edu.co\/index.php\/wp-json\/wp\/v2\/types\/page"}],"author":[{"embeddable":true,"href":"https:\/\/sig.iser.edu.co\/index.php\/wp-json\/wp\/v2\/users\/1"}],"replies":[{"embeddable":true,"href":"https:\/\/sig.iser.edu.co\/index.php\/wp-json\/wp\/v2\/comments?post=332"}],"version-history":[{"count":40,"href":"https:\/\/sig.iser.edu.co\/index.php\/wp-json\/wp\/v2\/pages\/332\/revisions"}],"predecessor-version":[{"id":5916,"href":"https:\/\/sig.iser.edu.co\/index.php\/wp-json\/wp\/v2\/pages\/332\/revisions\/5916"}],"wp:attachment":[{"href":"https:\/\/sig.iser.edu.co\/index.php\/wp-json\/wp\/v2\/media?parent=332"}],"curies":[{"name":"wp","href":"https:\/\/api.w.org\/{rel}","templated":true}]}}