{"id":3564,"date":"2022-02-16T14:43:38","date_gmt":"2022-02-16T14:43:38","guid":{"rendered":"http:\/\/www.apps.iser.edu.co\/sig\/?page_id=3564"},"modified":"2024-10-07T15:50:54","modified_gmt":"2024-10-07T15:50:54","slug":"guias-bienestar-institucional","status":"publish","type":"page","link":"https:\/\/sig.iser.edu.co\/index.php\/guias-bienestar-institucional\/","title":{"rendered":"GUIAS BIENESTAR INSTITUCIONAL"},"content":{"rendered":"<table width=\"100%\">\n<tbody>\n<tr>\n<td width=\"16%\">\n<p style=\"text-align: center;\"><strong>C\u00d3DIGO<\/strong><\/p>\n<\/td>\n<td width=\"53%\">\n<p style=\"text-align: center;\"><strong>NOMBRE DEL DOCUMENTO<\/strong><\/p>\n<\/td>\n<td width=\"14%\">\n<p style=\"text-align: center;\"><strong>VERSI\u00d3N<\/strong><\/p>\n<\/td>\n<td width=\"14%\">\n<p style=\"text-align: center;\"><strong>FECHA<\/strong><\/p>\n<\/td>\n<\/tr>\n<tr>\n<td width=\"16%\">\n<p style=\"text-align: center;\">G-BI-01<\/p>\n<\/td>\n<td width=\"53%\"><a href=\"https:\/\/sig.iser.edu.co\/wp-content\/uploads\/2024\/10\/G-BI-01-Protocolo-de-Atenci\u00f3n-a-casos-de-Violencia-Sexual-y-de-G\u00e9nero-v03.pdf\">Protocolo de Atenci\u00f3n a casos de Violencia Sexual y de G\u00e9nero<\/a><\/td>\n<td width=\"14%\">\n<p style=\"text-align: center;\">03<\/p>\n<\/td>\n<td width=\"14%\">\n<p style=\"text-align: center;\">01\/08\/2024<\/p>\n<\/td>\n<\/tr>\n<tr>\n<td width=\"16%\">\n<p style=\"text-align: center;\">G-BI-02<\/p>\n<\/td>\n<td width=\"53%\"><a href=\"https:\/\/sig.iser.edu.co\/wp-content\/uploads\/2024\/10\/G-BI-02-Bienestar-Formativo-v02.pdf\">Bienestar Formativo<\/a><\/td>\n<td width=\"14%\">\n<p style=\"text-align: center;\">02<\/p>\n<\/td>\n<td width=\"14%\">\n<p style=\"text-align: center;\">01\/08\/2024<\/p>\n<\/td>\n<\/tr>\n<\/tbody>\n<\/table>\n","protected":false},"excerpt":{"rendered":"<p>C\u00d3DIGO NOMBRE DEL DOCUMENTO VERSI\u00d3N FECHA G-BI-01 Protocolo de Atenci\u00f3n a casos de Violencia Sexual y de G\u00e9nero 03 01\/08\/2024 G-BI-02 Bienestar Formativo 02 01\/08\/2024<\/p>\n","protected":false},"author":1,"featured_media":0,"parent":0,"menu_order":0,"comment_status":"closed","ping_status":"closed","template":"","meta":{"footnotes":""},"class_list":["post-3564","page","type-page","status-publish","hentry"],"_links":{"self":[{"href":"https:\/\/sig.iser.edu.co\/index.php\/wp-json\/wp\/v2\/pages\/3564","targetHints":{"allow":["GET"]}}],"collection":[{"href":"https:\/\/sig.iser.edu.co\/index.php\/wp-json\/wp\/v2\/pages"}],"about":[{"href":"https:\/\/sig.iser.edu.co\/index.php\/wp-json\/wp\/v2\/types\/page"}],"author":[{"embeddable":true,"href":"https:\/\/sig.iser.edu.co\/index.php\/wp-json\/wp\/v2\/users\/1"}],"replies":[{"embeddable":true,"href":"https:\/\/sig.iser.edu.co\/index.php\/wp-json\/wp\/v2\/comments?post=3564"}],"version-history":[{"count":8,"href":"https:\/\/sig.iser.edu.co\/index.php\/wp-json\/wp\/v2\/pages\/3564\/revisions"}],"predecessor-version":[{"id":6064,"href":"https:\/\/sig.iser.edu.co\/index.php\/wp-json\/wp\/v2\/pages\/3564\/revisions\/6064"}],"wp:attachment":[{"href":"https:\/\/sig.iser.edu.co\/index.php\/wp-json\/wp\/v2\/media?parent=3564"}],"curies":[{"name":"wp","href":"https:\/\/api.w.org\/{rel}","templated":true}]}}