{"id":364,"date":"2017-02-07T20:55:50","date_gmt":"2017-02-07T20:55:50","guid":{"rendered":"http:\/\/www.apps.iser.edu.co\/sig\/?page_id=364"},"modified":"2025-10-24T13:34:41","modified_gmt":"2025-10-24T13:34:41","slug":"procedimientos-juridica","status":"publish","type":"page","link":"https:\/\/sig.iser.edu.co\/index.php\/procedimientos-juridica\/","title":{"rendered":"PROCEDIMIENTOS GESTI\u00d3N JUR\u00cdDICA"},"content":{"rendered":"\t\t<div data-elementor-type=\"wp-page\" data-elementor-id=\"364\" class=\"elementor elementor-364\">\n\t\t\t\t<div class=\"elementor-element elementor-element-3447cf90 e-flex e-con-boxed e-con e-parent\" data-id=\"3447cf90\" data-element_type=\"container\">\n\t\t\t\t\t<div class=\"e-con-inner\">\n\t\t\t\t<div class=\"elementor-element elementor-element-6c9831ed elementor-widget elementor-widget-text-editor\" data-id=\"6c9831ed\" data-element_type=\"widget\" data-widget_type=\"text-editor.default\">\n\t\t\t\t\t\t\t\t\t<table width=\"96%\"><tbody><tr><td width=\"16%\"><p><strong>C\u00d3DIGO<\/strong><\/p><\/td><td width=\"53%\"><p><strong>NOMBRE DEL DOCUMENTO<\/strong><\/p><\/td><td width=\"13%\"><p><strong>VERSI\u00d3N<\/strong><\/p><\/td><td width=\"14%\"><p><strong>FECHA<\/strong><\/p><\/td><\/tr><tr><td width=\"16%\"><p>P-GJR-01<\/p><\/td><td width=\"53%\"><p><a href=\"https:\/\/sig.iser.edu.co\/wp-content\/uploads\/2024\/10\/P-GJR-01-Atenci\u00f3n-de-Conceptos-y-Consultas-Jur\u00eddicas-v03.pdf\">Atenci\u00f3n de Conceptos y Consultas Jur\u00eddicas<\/a><\/p><\/td><td width=\"13%\"><p>03<\/p><\/td><td width=\"14%\"><p>01\/08\/2024<\/p><\/td><\/tr><tr><td width=\"16%\"><p>P-GJR-02<\/p><\/td><td width=\"53%\"><p><a href=\"https:\/\/sig.iser.edu.co\/wp-content\/uploads\/2024\/10\/P-GJR-02-Atenci\u00f3n-de-Derechos-de-Petici\u00f3n-v03.pdf\">Atenci\u00f3n de Derechos de Petici\u00f3n<\/a><\/p><\/td><td width=\"13%\"><p>03<\/p><\/td><td width=\"14%\"><p>01\/08\/2024<\/p><\/td><\/tr><tr><td width=\"16%\"><p>P-GJR-03<\/p><\/td><td width=\"53%\"><p><a href=\"https:\/\/sig.iser.edu.co\/wp-content\/uploads\/2025\/10\/P-GJR-03-Proyeccion-y-Revision-de-Actos-Administrativos-v04.pdf\">Proyecci\u00f3n y Revisi\u00f3n de Actos Administrativos<\/a><\/p><\/td><td width=\"13%\"><p>04<\/p><\/td><td width=\"14%\"><p>\u00a010\/06\/2025<\/p><\/td><\/tr><tr><td width=\"16%\"><p>P-GJR-04<\/p><\/td><td width=\"53%\"><p><a href=\"https:\/\/sig.iser.edu.co\/wp-content\/uploads\/2024\/10\/P-GJR-04-Representacion-Judicial-y-Extrajudicial-v03.pdf\">Representaci\u00f3n Judicial y Extrajudicial<\/a><\/p><\/td><td width=\"13%\"><p>03<\/p><\/td><td width=\"14%\"><p>01\/08\/2024<\/p><\/td><\/tr><tr><td width=\"16%\"><p>P-GJR-05<\/p><\/td><td width=\"53%\"><p><a href=\"https:\/\/sig.iser.edu.co\/wp-content\/uploads\/2024\/10\/P-GJR-05-Proceso-Disciplinario-de-Servidores-P\u00fablicos-v03.pdf\">Proceso Disciplinario de Servidores P\u00fablicos<\/a><\/p><\/td><td width=\"13%\"><p>03<\/p><\/td><td width=\"14%\"><p>01\/08\/2024<\/p><\/td><\/tr><tr><td width=\"16%\"><p>P-GJR-06<\/p><\/td><td width=\"53%\"><p><a href=\"https:\/\/sig.iser.edu.co\/wp-content\/uploads\/2024\/10\/P-GJR-06-Proceso-Disciplinario-Estudiantes-v03.pdf\">Proceso Disciplinario Estudiantes<\/a><\/p><\/td><td width=\"13%\"><p>03<\/p><\/td><td width=\"14%\"><p>01\/08\/2024<\/p><\/td><\/tr><tr><td width=\"16%\"><p>P-GJR-07<\/p><\/td><td width=\"53%\"><p><a href=\"https:\/\/sig.iser.edu.co\/wp-content\/uploads\/2024\/10\/P-GJR-07-Agotamiento-de-Recursos-en-Sede-Administrativa-v03.pdf\">Agotamiento de Recursos en Sede Administrativa<\/a><\/p><\/td><td width=\"13%\"><p>03<\/p><\/td><td width=\"14%\"><p>01\/08\/2024<\/p><\/td><\/tr><tr><td width=\"16%\"><p>P-GJR-08<\/p><\/td><td width=\"53%\"><p><a href=\"https:\/\/sig.iser.edu.co\/wp-content\/uploads\/2024\/10\/P-GJR-08-Interposici\u00f3n-de-Demandas-v03.pdf\">Interposici\u00f3n de Demandas<\/a><\/p><\/td><td width=\"13%\"><p>03<\/p><\/td><td width=\"14%\"><p>01\/08\/2024<\/p><\/td><\/tr><tr><td width=\"16%\"><p>P-GJR-09<\/p><\/td><td width=\"53%\"><p><a href=\"https:\/\/sig.iser.edu.co\/wp-content\/uploads\/2024\/10\/P-GJR-09-Cobro-Coactivo-v02.pdf\">Cobro Coactivo<\/a><\/p><\/td><td width=\"13%\"><p>02<\/p><\/td><td width=\"14%\"><p>01\/08\/2024<\/p><\/td><\/tr><tr><td width=\"16%\"><p>P-GJR-10<\/p><\/td><td width=\"53%\"><p><a href=\"https:\/\/sig.iser.edu.co\/wp-content\/uploads\/2024\/10\/P-GJR-10-Identificaci\u00f3n-y-Evaluaci\u00f3n-de-Requisitos-Legales-y-Reglamentarios-v02.pdf\">Identificaci\u00f3n y Evaluaci\u00f3n de Requisitos Legales y Reglamentarios<\/a><\/p><\/td><td width=\"13%\"><p>02<\/p><\/td><td width=\"14%\"><p>01\/08\/2024<\/p><\/td><\/tr><tr><td width=\"16%\"><p>P-GJR-11<\/p><\/td><td width=\"53%\"><p><a href=\"https:\/\/sig.iser.edu.co\/wp-content\/uploads\/2025\/10\/P-GJR-11-Cumplimiento-y-Pago-de-Sentencias-Conciliaciones-y-Laudos-Arbitrales-v01.pdf\">Cumplimiento y Pago de Sentencias Conciliaciones y Laudos Arbitrales<\/a><\/p><\/td><td width=\"13%\"><p>01<\/p><\/td><td width=\"14%\"><p>01\/07\/2025<\/p><\/td><\/tr><\/tbody><\/table>\t\t\t\t\t\t\t\t<\/div>\n\t\t\t\t\t<\/div>\n\t\t\t\t<\/div>\n\t\t\t\t<\/div>\n\t\t","protected":false},"excerpt":{"rendered":"<p>C\u00d3DIGO NOMBRE DEL DOCUMENTO VERSI\u00d3N FECHA P-GJR-01 Atenci\u00f3n de Conceptos y Consultas Jur\u00eddicas 03 01\/08\/2024 P-GJR-02 Atenci\u00f3n de Derechos de Petici\u00f3n 03 01\/08\/2024 P-GJR-03 Proyecci\u00f3n y Revisi\u00f3n de Actos Administrativos 04 \u00a010\/06\/2025 P-GJR-04 Representaci\u00f3n Judicial y Extrajudicial 03 01\/08\/2024 P-GJR-05 Proceso Disciplinario de Servidores P\u00fablicos 03 01\/08\/2024 P-GJR-06 Proceso Disciplinario Estudiantes 03 01\/08\/2024 P-GJR-07 Agotamiento <a href=\"https:\/\/sig.iser.edu.co\/index.php\/procedimientos-juridica\/\" rel=\"nofollow\"><span class=\"sr-only\">Read more about PROCEDIMIENTOS GESTI\u00d3N JUR\u00cdDICA<\/span>[&#8230;]<\/a><\/p>\n","protected":false},"author":1,"featured_media":0,"parent":0,"menu_order":0,"comment_status":"closed","ping_status":"closed","template":"","meta":{"footnotes":""},"class_list":["post-364","page","type-page","status-publish","hentry"],"_links":{"self":[{"href":"https:\/\/sig.iser.edu.co\/index.php\/wp-json\/wp\/v2\/pages\/364","targetHints":{"allow":["GET"]}}],"collection":[{"href":"https:\/\/sig.iser.edu.co\/index.php\/wp-json\/wp\/v2\/pages"}],"about":[{"href":"https:\/\/sig.iser.edu.co\/index.php\/wp-json\/wp\/v2\/types\/page"}],"author":[{"embeddable":true,"href":"https:\/\/sig.iser.edu.co\/index.php\/wp-json\/wp\/v2\/users\/1"}],"replies":[{"embeddable":true,"href":"https:\/\/sig.iser.edu.co\/index.php\/wp-json\/wp\/v2\/comments?post=364"}],"version-history":[{"count":42,"href":"https:\/\/sig.iser.edu.co\/index.php\/wp-json\/wp\/v2\/pages\/364\/revisions"}],"predecessor-version":[{"id":6393,"href":"https:\/\/sig.iser.edu.co\/index.php\/wp-json\/wp\/v2\/pages\/364\/revisions\/6393"}],"wp:attachment":[{"href":"https:\/\/sig.iser.edu.co\/index.php\/wp-json\/wp\/v2\/media?parent=364"}],"curies":[{"name":"wp","href":"https:\/\/api.w.org\/{rel}","templated":true}]}}