{"id":4039,"date":"2022-08-01T14:07:28","date_gmt":"2022-08-01T14:07:28","guid":{"rendered":"http:\/\/www.apps.iser.edu.co\/sig\/?page_id=4039"},"modified":"2024-10-17T22:10:47","modified_gmt":"2024-10-17T22:10:47","slug":"guias-extension","status":"publish","type":"page","link":"https:\/\/sig.iser.edu.co\/index.php\/guias-extension\/","title":{"rendered":"GU\u00cdAS EXTENSI\u00d3N"},"content":{"rendered":"<table width=\"100%\">\n<tbody>\n<tr>\n<td width=\"16%\">\n<p style=\"text-align: center;\"><strong>C\u00d3DIGO<\/strong><\/p>\n<\/td>\n<td width=\"43%\">\n<p style=\"text-align: center;\"><strong>NOMBRE DEL DOCUMENTO<\/strong><\/p>\n<\/td>\n<td width=\"19%\">\n<p style=\"text-align: center;\"><strong>VERSI\u00d3N<\/strong><\/p>\n<\/td>\n<td width=\"19%\">\n<p style=\"text-align: center;\"><strong>FECHA<\/strong><\/p>\n<\/td>\n<\/tr>\n<tr>\n<td width=\"16%\">\n<p style=\"text-align: center;\">G-EXT-01<\/p>\n<\/td>\n<td width=\"43%\"><a href=\"https:\/\/sig.iser.edu.co\/wp-content\/uploads\/2024\/10\/G-EXT-01-Educaci\u00f3n-Continuada-v02.pdf\">Educaci\u00f3n Continuada<\/a><\/td>\n<td width=\"19%\">\n<p style=\"text-align: center;\">02<\/p>\n<\/td>\n<td width=\"19%\">\n<p style=\"text-align: center;\">01\/08\/2024<\/p>\n<\/td>\n<\/tr>\n<\/tbody>\n<\/table>\n","protected":false},"excerpt":{"rendered":"<p>C\u00d3DIGO NOMBRE DEL DOCUMENTO VERSI\u00d3N FECHA G-EXT-01 Educaci\u00f3n Continuada 02 01\/08\/2024<\/p>\n","protected":false},"author":1,"featured_media":0,"parent":0,"menu_order":0,"comment_status":"closed","ping_status":"closed","template":"","meta":{"footnotes":""},"class_list":["post-4039","page","type-page","status-publish","hentry"],"_links":{"self":[{"href":"https:\/\/sig.iser.edu.co\/index.php\/wp-json\/wp\/v2\/pages\/4039","targetHints":{"allow":["GET"]}}],"collection":[{"href":"https:\/\/sig.iser.edu.co\/index.php\/wp-json\/wp\/v2\/pages"}],"about":[{"href":"https:\/\/sig.iser.edu.co\/index.php\/wp-json\/wp\/v2\/types\/page"}],"author":[{"embeddable":true,"href":"https:\/\/sig.iser.edu.co\/index.php\/wp-json\/wp\/v2\/users\/1"}],"replies":[{"embeddable":true,"href":"https:\/\/sig.iser.edu.co\/index.php\/wp-json\/wp\/v2\/comments?post=4039"}],"version-history":[{"count":4,"href":"https:\/\/sig.iser.edu.co\/index.php\/wp-json\/wp\/v2\/pages\/4039\/revisions"}],"predecessor-version":[{"id":6172,"href":"https:\/\/sig.iser.edu.co\/index.php\/wp-json\/wp\/v2\/pages\/4039\/revisions\/6172"}],"wp:attachment":[{"href":"https:\/\/sig.iser.edu.co\/index.php\/wp-json\/wp\/v2\/media?parent=4039"}],"curies":[{"name":"wp","href":"https:\/\/api.w.org\/{rel}","templated":true}]}}