{"id":4066,"date":"2022-08-01T14:14:17","date_gmt":"2022-08-01T14:14:17","guid":{"rendered":"http:\/\/www.apps.iser.edu.co\/sig\/?page_id=4066"},"modified":"2024-10-02T21:55:40","modified_gmt":"2024-10-02T21:55:40","slug":"manuales-formacion","status":"publish","type":"page","link":"https:\/\/sig.iser.edu.co\/index.php\/manuales-formacion\/","title":{"rendered":"MANUALES FORMACI\u00d3N"},"content":{"rendered":"<table width=\"100%\">\n<tbody>\n<tr>\n<td width=\"17%\">\n<p style=\"text-align: center;\"><strong>C\u00d3DIGO<\/strong><\/p>\n<\/td>\n<td width=\"46%\">\n<p style=\"text-align: center;\"><strong>NOMBRE DEL DOCUMENTO<\/strong><\/p>\n<\/td>\n<td width=\"17%\">\n<p style=\"text-align: center;\"><strong>VERSI\u00d3N<\/strong><\/p>\n<\/td>\n<td width=\"18%\">\n<p style=\"text-align: center;\"><strong>FECHA<\/strong><\/p>\n<\/td>\n<\/tr>\n<tr>\n<td width=\"17%\">\n<p style=\"text-align: center;\">M-FOR-01<\/p>\n<\/td>\n<td width=\"46%\"><a href=\"https:\/\/sig.iser.edu.co\/wp-content\/uploads\/2024\/10\/M-FOR-01-Parametrizaci\u00f3n-Seguimiento-y-Evaluaci\u00f3n-de-Resultados-de-Aprendizaje-v02.pdf\">Parametrizaci\u00f3n, Seguimiento y Evaluaci\u00f3n de Resultados de Aprendizaje<\/a><\/td>\n<td width=\"17%\">\n<p style=\"text-align: center;\">02<\/p>\n<\/td>\n<td width=\"18%\">\n<p style=\"text-align: center;\">01\/08\/2024<\/p>\n<\/td>\n<\/tr>\n<\/tbody>\n<\/table>\n","protected":false},"excerpt":{"rendered":"<p>C\u00d3DIGO NOMBRE DEL DOCUMENTO VERSI\u00d3N FECHA M-FOR-01 Parametrizaci\u00f3n, Seguimiento y Evaluaci\u00f3n de Resultados de Aprendizaje 02 01\/08\/2024<\/p>\n","protected":false},"author":1,"featured_media":0,"parent":0,"menu_order":0,"comment_status":"closed","ping_status":"closed","template":"","meta":{"footnotes":""},"class_list":["post-4066","page","type-page","status-publish","hentry"],"_links":{"self":[{"href":"https:\/\/sig.iser.edu.co\/index.php\/wp-json\/wp\/v2\/pages\/4066","targetHints":{"allow":["GET"]}}],"collection":[{"href":"https:\/\/sig.iser.edu.co\/index.php\/wp-json\/wp\/v2\/pages"}],"about":[{"href":"https:\/\/sig.iser.edu.co\/index.php\/wp-json\/wp\/v2\/types\/page"}],"author":[{"embeddable":true,"href":"https:\/\/sig.iser.edu.co\/index.php\/wp-json\/wp\/v2\/users\/1"}],"replies":[{"embeddable":true,"href":"https:\/\/sig.iser.edu.co\/index.php\/wp-json\/wp\/v2\/comments?post=4066"}],"version-history":[{"count":4,"href":"https:\/\/sig.iser.edu.co\/index.php\/wp-json\/wp\/v2\/pages\/4066\/revisions"}],"predecessor-version":[{"id":6046,"href":"https:\/\/sig.iser.edu.co\/index.php\/wp-json\/wp\/v2\/pages\/4066\/revisions\/6046"}],"wp:attachment":[{"href":"https:\/\/sig.iser.edu.co\/index.php\/wp-json\/wp\/v2\/media?parent=4066"}],"curies":[{"name":"wp","href":"https:\/\/api.w.org\/{rel}","templated":true}]}}