{"id":4505,"date":"2022-11-03T14:44:12","date_gmt":"2022-11-03T14:44:12","guid":{"rendered":"http:\/\/www.apps.iser.edu.co\/sig\/?page_id=4505"},"modified":"2025-10-23T21:55:36","modified_gmt":"2025-10-23T21:55:36","slug":"formatos-gestion-de-seguridad-y-salud-en-el-trabajo","status":"publish","type":"page","link":"https:\/\/sig.iser.edu.co\/index.php\/formatos-gestion-de-seguridad-y-salud-en-el-trabajo\/","title":{"rendered":"FORMATOS GESTI\u00d3N DE SEGURIDAD Y SALUD EN EL TRABAJO"},"content":{"rendered":"\t\t<div data-elementor-type=\"wp-page\" data-elementor-id=\"4505\" class=\"elementor elementor-4505\">\n\t\t\t\t<div class=\"elementor-element elementor-element-6ad7e81a e-flex e-con-boxed e-con e-parent\" data-id=\"6ad7e81a\" data-element_type=\"container\">\n\t\t\t\t\t<div class=\"e-con-inner\">\n\t\t\t\t<div class=\"elementor-element elementor-element-7bdc49fc elementor-widget elementor-widget-text-editor\" data-id=\"7bdc49fc\" data-element_type=\"widget\" data-widget_type=\"text-editor.default\">\n\t\t\t\t\t\t\t\t\t<table width=\"100%\"><tbody><tr><td width=\"17%\"><p><strong>C\u00d3DIGO<\/strong><\/p><\/td><td width=\"46%\"><p><strong>NOMBRE DEL DOCUMENTO<\/strong><\/p><\/td><td width=\"17%\"><p><strong>VERSI\u00d3N<\/strong><\/p><\/td><td width=\"18%\"><p><strong>FECHA<\/strong><\/p><\/td><\/tr><tr><td width=\"17%\"><p>F-SST-01<\/p><\/td><td width=\"46%\"><p><a href=\"https:\/\/sig.iser.edu.co\/wp-content\/uploads\/2024\/08\/F-SST-01-Matriz-de-Riesgos-y-Peligros-v02.xlsx\">Matriz de Riesgos y Peligros<\/a><\/p><\/td><td width=\"17%\"><p>02<\/p><\/td><td width=\"18%\"><p>01\/08\/2024<\/p><\/td><\/tr><tr><td width=\"17%\"><p>F-SST-02<\/p><\/td><td width=\"46%\"><p><a href=\"https:\/\/sig.iser.edu.co\/wp-content\/uploads\/2024\/08\/F-SST-02-Investigaci\u00f3n-de-Incidentes_Accidentes-de-Trabajo-v02.xlsx\">Investigaci\u00f3n de Incidentes \/ Accidentes de Trabajo<\/a><\/p><\/td><td width=\"17%\"><p>02<\/p><\/td><td width=\"18%\"><p>01\/08\/2024<\/p><\/td><\/tr><tr><td width=\"17%\"><p>F-SST-03<\/p><\/td><td width=\"46%\"><p><a href=\"https:\/\/sig.iser.edu.co\/wp-content\/uploads\/2024\/08\/F-SST-03-Reporte-de-Accidente-e-Incidente-de-Trabajo-v02.xlsx\">Reporte de Accidente e Incidente de Trabajo<\/a><\/p><\/td><td width=\"17%\"><p>02<\/p><\/td><td width=\"18%\"><p>01\/08\/2024<\/p><\/td><\/tr><tr><td width=\"17%\"><p>F-SST-04<\/p><\/td><td width=\"46%\"><p><a href=\"https:\/\/sig.iser.edu.co\/wp-content\/uploads\/2024\/08\/F-SST-04-Inspecci\u00f3n-de-Orden-y-Aseo-v02.xlsx\">Inspecci\u00f3n de Orden y Aseo<\/a><\/p><\/td><td width=\"17%\"><p>02<\/p><\/td><td width=\"18%\"><p>01\/08\/2024<\/p><\/td><\/tr><tr><td width=\"17%\"><p>F-SST-05<\/p><\/td><td width=\"46%\"><p><a href=\"https:\/\/sig.iser.edu.co\/wp-content\/uploads\/2024\/08\/F-SST-05-Evaluaci\u00f3n-de-Puestos-de-Trabajo-v02.xlsx\">Evaluaci\u00f3n de Puestos de Trabajo<\/a><\/p><\/td><td width=\"17%\"><p>02<\/p><\/td><td width=\"18%\"><p>01\/08\/2024<\/p><\/td><\/tr><tr><td width=\"17%\"><p>F-SST-06<\/p><\/td><td width=\"46%\"><p><a href=\"https:\/\/sig.iser.edu.co\/wp-content\/uploads\/2024\/08\/F-SST-06-Inspecci\u00f3n-de-Extintores-v02.xlsx\">Inspecci\u00f3n de Extintores<\/a><\/p><\/td><td width=\"17%\"><p>02<\/p><\/td><td width=\"18%\"><p>01\/08\/2024<\/p><\/td><\/tr><tr><td width=\"17%\"><p>F-SST-07<\/p><\/td><td width=\"46%\"><p><a href=\"https:\/\/sig.iser.edu.co\/wp-content\/uploads\/2024\/08\/F-SST-07-Inspecci\u00f3n-de-Botiquines-y-Camillas-v02.xlsx\">Inspecci\u00f3n de Botiquines y Camillas<\/a><\/p><\/td><td width=\"17%\"><p>02<\/p><\/td><td width=\"18%\"><p>01\/08\/2024<\/p><\/td><\/tr><tr><td width=\"17%\"><p>F-SST-08<\/p><\/td><td width=\"46%\"><p><a href=\"https:\/\/sig.iser.edu.co\/wp-content\/uploads\/2024\/08\/F-SST-08-Entrega-de-Elementos-de-Protecci\u00f3n-Personal-v02.docx\">Entrega de Elementos de Protecci\u00f3n Personal<\/a><\/p><\/td><td width=\"17%\"><p>02<\/p><\/td><td width=\"18%\"><p>01\/08\/2024<\/p><\/td><\/tr><tr><td width=\"17%\"><p>F-SST-09<\/p><\/td><td width=\"46%\"><p><a href=\"https:\/\/sig.iser.edu.co\/wp-content\/uploads\/2024\/08\/F-SST-09-Inspecci\u00f3n-de-Elementos-de-Protecci\u00f3n-Personal-v02.xlsx\">Inspecci\u00f3n de Elementos de Protecci\u00f3n Personal<\/a><\/p><\/td><td width=\"17%\"><p>02<\/p><\/td><td width=\"18%\"><p>01\/08\/2024<\/p><\/td><\/tr><tr><td width=\"17%\"><p>F-SST-10<\/p><\/td><td width=\"46%\"><p><a href=\"https:\/\/sig.iser.edu.co\/wp-content\/uploads\/2024\/08\/F-SST-10-Inspecci\u00f3n-Diaria-de-Veh\u00edculos-v02.docx\">Inspecci\u00f3n Diaria de Veh\u00edculos<\/a><\/p><\/td><td width=\"17%\"><p>02<\/p><\/td><td width=\"18%\"><p>01\/08\/2024<\/p><\/td><\/tr><tr><td width=\"17%\"><p>F-SST-11<\/p><\/td><td width=\"46%\"><p><a href=\"https:\/\/sig.iser.edu.co\/wp-content\/uploads\/2025\/10\/F-SST-11-Inspeccion-Planeada-v03.xlsx\">Inspecci\u00f3n Planeada<\/a><\/p><\/td><td width=\"17%\"><p>03<\/p><\/td><td width=\"18%\"><p>13\/06\/2025<\/p><\/td><\/tr><tr><td width=\"17%\"><p>F-SST-12<\/p><\/td><td width=\"46%\"><p><a href=\"https:\/\/sig.iser.edu.co\/wp-content\/uploads\/2024\/08\/F-SST-12-Seguimiento-a-Recomendaciones-M\u00e9dico-Laborales-v02.docx\">Seguimiento a Recomendaciones M\u00e9dico &#8211; Laborales<\/a><\/p><\/td><td width=\"17%\"><p>02<\/p><\/td><td width=\"18%\"><p>01\/08\/2024<\/p><\/td><\/tr><tr><td width=\"17%\"><p>F-SST-13<\/p><\/td><td width=\"46%\"><p><a href=\"https:\/\/sig.iser.edu.co\/wp-content\/uploads\/2025\/10\/F-SST-13-Desistimiento-de-Aplicacion-de-Examenes-Medico-Laborales-v01-1.docx\">Desistimiento de aplicaci\u00f3n de ex\u00e1menes m\u00e9dico-laborales<\/a><\/p><\/td><td width=\"17%\"><p>01<\/p><\/td><td width=\"18%\"><p>08\/07\/2025<\/p><\/td><\/tr><tr><td width=\"17%\"><p>F-SST-14<\/p><\/td><td width=\"46%\"><p><a href=\"https:\/\/sig.iser.edu.co\/wp-content\/uploads\/2025\/10\/F-SST-14-Desistimiento-Bateria-de-Riesgo-Psicosocial-v01.docx\">Desistimiento-Bater\u00eda-de-Riesgo-Psicosocial<\/a><\/p><\/td><td width=\"17%\"><p>01<\/p><\/td><td width=\"18%\"><p>08\/07\/2025<\/p><\/td><\/tr><\/tbody><\/table>\t\t\t\t\t\t\t\t<\/div>\n\t\t\t\t\t<\/div>\n\t\t\t\t<\/div>\n\t\t\t\t<\/div>\n\t\t","protected":false},"excerpt":{"rendered":"<p>C\u00d3DIGO NOMBRE DEL DOCUMENTO VERSI\u00d3N FECHA F-SST-01 Matriz de Riesgos y Peligros 02 01\/08\/2024 F-SST-02 Investigaci\u00f3n de Incidentes \/ Accidentes de Trabajo 02 01\/08\/2024 F-SST-03 Reporte de Accidente e Incidente de Trabajo 02 01\/08\/2024 F-SST-04 Inspecci\u00f3n de Orden y Aseo 02 01\/08\/2024 F-SST-05 Evaluaci\u00f3n de Puestos de Trabajo 02 01\/08\/2024 F-SST-06 Inspecci\u00f3n de Extintores 02 <a href=\"https:\/\/sig.iser.edu.co\/index.php\/formatos-gestion-de-seguridad-y-salud-en-el-trabajo\/\" rel=\"nofollow\"><span class=\"sr-only\">Read more about FORMATOS GESTI\u00d3N DE SEGURIDAD Y SALUD EN EL TRABAJO<\/span>[&#8230;]<\/a><\/p>\n","protected":false},"author":1,"featured_media":0,"parent":0,"menu_order":0,"comment_status":"closed","ping_status":"closed","template":"","meta":{"footnotes":""},"class_list":["post-4505","page","type-page","status-publish","hentry"],"_links":{"self":[{"href":"https:\/\/sig.iser.edu.co\/index.php\/wp-json\/wp\/v2\/pages\/4505","targetHints":{"allow":["GET"]}}],"collection":[{"href":"https:\/\/sig.iser.edu.co\/index.php\/wp-json\/wp\/v2\/pages"}],"about":[{"href":"https:\/\/sig.iser.edu.co\/index.php\/wp-json\/wp\/v2\/types\/page"}],"author":[{"embeddable":true,"href":"https:\/\/sig.iser.edu.co\/index.php\/wp-json\/wp\/v2\/users\/1"}],"replies":[{"embeddable":true,"href":"https:\/\/sig.iser.edu.co\/index.php\/wp-json\/wp\/v2\/comments?post=4505"}],"version-history":[{"count":21,"href":"https:\/\/sig.iser.edu.co\/index.php\/wp-json\/wp\/v2\/pages\/4505\/revisions"}],"predecessor-version":[{"id":6365,"href":"https:\/\/sig.iser.edu.co\/index.php\/wp-json\/wp\/v2\/pages\/4505\/revisions\/6365"}],"wp:attachment":[{"href":"https:\/\/sig.iser.edu.co\/index.php\/wp-json\/wp\/v2\/media?parent=4505"}],"curies":[{"name":"wp","href":"https:\/\/api.w.org\/{rel}","templated":true}]}}