{"id":464,"date":"2017-02-08T12:53:25","date_gmt":"2017-02-08T12:53:25","guid":{"rendered":"http:\/\/www.apps.iser.edu.co\/sig\/?page_id=464"},"modified":"2024-10-01T14:25:49","modified_gmt":"2024-10-01T14:25:49","slug":"procedimientos-talento-humano","status":"publish","type":"page","link":"https:\/\/sig.iser.edu.co\/index.php\/procedimientos-talento-humano\/","title":{"rendered":"PROCEDIMIENTOS GESTION DEL TALENTO HUMANO"},"content":{"rendered":"<table width=\"100%\">\n<tbody>\n<tr>\n<td width=\"16%\">\n<p style=\"text-align: center;\"><strong>C\u00d3DIGO<\/strong><\/p>\n<\/td>\n<td width=\"53%\">\n<p style=\"text-align: center;\"><strong>NOMBRE DEL DOCUMENTO<\/strong><\/p>\n<\/td>\n<td width=\"14%\">\n<p style=\"text-align: center;\"><strong>VERSI\u00d3N<\/strong><\/p>\n<\/td>\n<td width=\"14%\">\n<p style=\"text-align: center;\"><strong>FECHA<\/strong><\/p>\n<\/td>\n<\/tr>\n<tr>\n<td width=\"16%\">\n<p style=\"text-align: center;\">P-GTH-01<\/p>\n<\/td>\n<td width=\"53%\"><a href=\"https:\/\/sig.iser.edu.co\/wp-content\/uploads\/2024\/10\/P-GTH-01-Vinculaci\u00f3n-v03.pdf\">Vinculaci\u00f3n<\/a><\/td>\n<td width=\"14%\">\n<p style=\"text-align: center;\">03<\/p>\n<\/td>\n<td width=\"14%\">\n<p style=\"text-align: center;\">01\/08\/2024<\/p>\n<\/td>\n<\/tr>\n<tr>\n<td width=\"16%\">\n<p style=\"text-align: center;\">P-GTH-02<\/p>\n<\/td>\n<td width=\"53%\"><a href=\"https:\/\/sig.iser.edu.co\/wp-content\/uploads\/2024\/10\/P-GTH-02-Programa-de-Inducci\u00f3n-y-Reinducci\u00f3n-v02.pdf\">Programa de Inducci\u00f3n y Reinducci\u00f3n<\/a><\/td>\n<td width=\"14%\">\n<p style=\"text-align: center;\">02<\/p>\n<\/td>\n<td width=\"14%\">\n<p style=\"text-align: center;\">01\/08\/2024<\/p>\n<\/td>\n<\/tr>\n<tr>\n<td width=\"16%\">\n<p style=\"text-align: center;\">P-GTH-03<\/p>\n<\/td>\n<td width=\"53%\"><a href=\"https:\/\/sig.iser.edu.co\/wp-content\/uploads\/2024\/10\/P-GTH-03-Plan-de-Capacitaci\u00f3n-y-Formaci\u00f3n-v03.pdf\">Plan de Capacitaci\u00f3n y Formaci\u00f3n<\/a><\/td>\n<td width=\"14%\">\n<p style=\"text-align: center;\">03<\/p>\n<\/td>\n<td width=\"14%\">\n<p style=\"text-align: center;\">01\/08\/2024<\/p>\n<\/td>\n<\/tr>\n<tr>\n<td width=\"16%\">\n<p style=\"text-align: center;\">P-GTH-04<\/p>\n<\/td>\n<td width=\"53%\"><a href=\"https:\/\/sig.iser.edu.co\/wp-content\/uploads\/2024\/10\/P-GTH-04-N\u00f3mina-v04.pdf\">N\u00f3mina<\/a><\/td>\n<td width=\"14%\">\n<p style=\"text-align: center;\">04<\/p>\n<\/td>\n<td width=\"14%\">\n<p style=\"text-align: center;\">01\/08\/2024<\/p>\n<\/td>\n<\/tr>\n<tr>\n<td width=\"16%\">\n<p style=\"text-align: center;\">P-GTH-05<\/p>\n<\/td>\n<td width=\"53%\"><a href=\"https:\/\/sig.iser.edu.co\/wp-content\/uploads\/2024\/10\/P-GTH-05-Situaciones-Administrativas-v02.pdf\">Situaciones Administrativas<\/a><\/td>\n<td width=\"14%\">\n<p style=\"text-align: center;\">02<\/p>\n<\/td>\n<td width=\"14%\">\n<p style=\"text-align: center;\">01\/08\/2024<\/p>\n<\/td>\n<\/tr>\n<tr>\n<td width=\"16%\">\n<p style=\"text-align: center;\">P-GTH-06<\/p>\n<\/td>\n<td width=\"53%\"><a href=\"https:\/\/sig.iser.edu.co\/wp-content\/uploads\/2024\/10\/P-GTH-06-Evaluaci\u00f3n-del-Desempe\u00f1o-v02.pdf\">Evaluaci\u00f3n del Desempe\u00f1o<\/a><\/td>\n<td width=\"14%\">\n<p style=\"text-align: center;\">02<\/p>\n<\/td>\n<td width=\"14%\">\n<p style=\"text-align: center;\">01\/08\/2024<\/p>\n<\/td>\n<\/tr>\n<tr>\n<td width=\"16%\">\n<p style=\"text-align: center;\">P-GTH-07<\/p>\n<\/td>\n<td width=\"53%\"><a href=\"https:\/\/sig.iser.edu.co\/wp-content\/uploads\/2024\/10\/P-GTH-07-Retiro-v03.pdf\">Retiro<\/a><\/td>\n<td width=\"14%\">\n<p style=\"text-align: center;\">03<\/p>\n<\/td>\n<td width=\"14%\">\n<p style=\"text-align: center;\">01\/08\/2024<\/p>\n<\/td>\n<\/tr>\n<\/tbody>\n<\/table>\n","protected":false},"excerpt":{"rendered":"<p>C\u00d3DIGO NOMBRE DEL DOCUMENTO VERSI\u00d3N FECHA P-GTH-01 Vinculaci\u00f3n 03 01\/08\/2024 P-GTH-02 Programa de Inducci\u00f3n y Reinducci\u00f3n 02 01\/08\/2024 P-GTH-03 Plan de Capacitaci\u00f3n y Formaci\u00f3n 03 01\/08\/2024 P-GTH-04 N\u00f3mina 04 01\/08\/2024 P-GTH-05 Situaciones Administrativas 02 01\/08\/2024 P-GTH-06 Evaluaci\u00f3n del Desempe\u00f1o 02 01\/08\/2024 P-GTH-07 Retiro 03 01\/08\/2024<\/p>\n","protected":false},"author":1,"featured_media":0,"parent":0,"menu_order":0,"comment_status":"closed","ping_status":"closed","template":"","meta":{"footnotes":""},"class_list":["post-464","page","type-page","status-publish","hentry"],"_links":{"self":[{"href":"https:\/\/sig.iser.edu.co\/index.php\/wp-json\/wp\/v2\/pages\/464","targetHints":{"allow":["GET"]}}],"collection":[{"href":"https:\/\/sig.iser.edu.co\/index.php\/wp-json\/wp\/v2\/pages"}],"about":[{"href":"https:\/\/sig.iser.edu.co\/index.php\/wp-json\/wp\/v2\/types\/page"}],"author":[{"embeddable":true,"href":"https:\/\/sig.iser.edu.co\/index.php\/wp-json\/wp\/v2\/users\/1"}],"replies":[{"embeddable":true,"href":"https:\/\/sig.iser.edu.co\/index.php\/wp-json\/wp\/v2\/comments?post=464"}],"version-history":[{"count":44,"href":"https:\/\/sig.iser.edu.co\/index.php\/wp-json\/wp\/v2\/pages\/464\/revisions"}],"predecessor-version":[{"id":6019,"href":"https:\/\/sig.iser.edu.co\/index.php\/wp-json\/wp\/v2\/pages\/464\/revisions\/6019"}],"wp:attachment":[{"href":"https:\/\/sig.iser.edu.co\/index.php\/wp-json\/wp\/v2\/media?parent=464"}],"curies":[{"name":"wp","href":"https:\/\/api.w.org\/{rel}","templated":true}]}}