{"id":535,"date":"2017-02-08T17:14:58","date_gmt":"2017-02-08T17:14:58","guid":{"rendered":"http:\/\/www.apps.iser.edu.co\/sig\/?page_id=535"},"modified":"2026-04-28T20:18:35","modified_gmt":"2026-04-28T20:18:35","slug":"procedimientos-formacion","status":"publish","type":"page","link":"https:\/\/sig.iser.edu.co\/index.php\/procedimientos-formacion\/","title":{"rendered":"PROCEDIMIENTOS FORMACI\u00d3N"},"content":{"rendered":"\t\t<div data-elementor-type=\"wp-page\" data-elementor-id=\"535\" class=\"elementor elementor-535\">\n\t\t\t\t<div class=\"elementor-element elementor-element-6fc1b426 e-flex e-con-boxed e-con e-parent\" data-id=\"6fc1b426\" data-element_type=\"container\">\n\t\t\t\t\t<div class=\"e-con-inner\">\n\t\t\t\t<div class=\"elementor-element elementor-element-d515b2e elementor-widget elementor-widget-text-editor\" data-id=\"d515b2e\" data-element_type=\"widget\" data-widget_type=\"text-editor.default\">\n\t\t\t\t\t\t\t\t\t<table width=\"100%\"><tbody><tr><td width=\"17%\"><p style=\"text-align: center;\"><strong>C\u00d3DIGO<\/strong><\/p><\/td><td width=\"46%\"><p style=\"text-align: center;\"><strong>NOMBRE DEL DOCUMENTO<\/strong><\/p><\/td><td width=\"17%\"><p style=\"text-align: center;\"><strong>VERSI\u00d3N<\/strong><\/p><\/td><td width=\"18%\"><p style=\"text-align: center;\"><strong>FECHA<\/strong><\/p><\/td><\/tr><tr><td width=\"17%\"><p style=\"text-align: center;\">P-FOR-01<\/p><\/td><td width=\"46%\"><p><a href=\"https:\/\/sig.iser.edu.co\/wp-content\/uploads\/2025\/10\/P-FOR-01-Monitorias-Academicas.pdf\">Monitorias Acad\u00e9micas<\/a><\/p><\/td><td width=\"17%\"><p style=\"text-align: center;\">01<\/p><\/td><td width=\"18%\"><p style=\"text-align: center;\">26\/08\/2025<\/p><\/td><\/tr><tr><td width=\"17%\"><p style=\"text-align: center;\">P-FOR-02<\/p><\/td><td width=\"46%\"><p><a href=\"https:\/\/sig.iser.edu.co\/wp-content\/uploads\/2026\/04\/P-FOR-02-Responsabilidad-Academica-v05.pdf\">Responsabilidad Acad\u00e9mica<\/a><\/p><\/td><td width=\"17%\"><p style=\"text-align: center;\">05<\/p><\/td><td width=\"18%\"><p style=\"text-align: center;\">15\/04\/2026<\/p><\/td><\/tr><tr><td width=\"17%\"><p style=\"text-align: center;\">P-FOR-03<\/p><\/td><td width=\"46%\"><p><a href=\"https:\/\/sig.iser.edu.co\/wp-content\/uploads\/2026\/04\/P-FOR-03-Diseno-y-Desarrollo-Curricular-v04.pdf\">Dise\u00f1o y Desarrollo Curricular<\/a><\/p><\/td><td width=\"17%\"><p style=\"text-align: center;\">04<\/p><\/td><td width=\"18%\"><p style=\"text-align: center;\">10\/12\/2025<\/p><\/td><\/tr><tr><td width=\"17%\"><p style=\"text-align: center;\">P-FOR-04<\/p><\/td><td width=\"46%\"><p><a href=\"https:\/\/sig.iser.edu.co\/wp-content\/uploads\/2024\/10\/P-FOR-04-Trabajo-de-Grado-v05.pdf\">Trabajo de Grado<\/a><\/p><\/td><td width=\"17%\"><p style=\"text-align: center;\">05<\/p><\/td><td width=\"18%\"><p style=\"text-align: center;\">01\/08\/2024<\/p><\/td><\/tr><tr><td width=\"17%\"><p style=\"text-align: center;\">P-FOR-05<\/p><\/td><td width=\"46%\"><p><a href=\"https:\/\/sig.iser.edu.co\/wp-content\/uploads\/2025\/02\/P-FOR-05-Evaluaci\u00f3n-de-Resultados-de-Aprendizaje-v04.pdf\">Evaluaci\u00f3n de Resultados de Aprendizaje<\/a><\/p><\/td><td width=\"17%\"><p style=\"text-align: center;\">04<\/p><\/td><td width=\"18%\"><p style=\"text-align: center;\">07\/02\/2025<\/p><\/td><\/tr><\/tbody><\/table>\t\t\t\t\t\t\t\t<\/div>\n\t\t\t\t\t<\/div>\n\t\t\t\t<\/div>\n\t\t\t\t<\/div>\n\t\t","protected":false},"excerpt":{"rendered":"<p>C\u00d3DIGO NOMBRE DEL DOCUMENTO VERSI\u00d3N FECHA P-FOR-01 Monitorias Acad\u00e9micas 01 26\/08\/2025 P-FOR-02 Responsabilidad Acad\u00e9mica 05 15\/04\/2026 P-FOR-03 Dise\u00f1o y Desarrollo Curricular 04 10\/12\/2025 P-FOR-04 Trabajo de Grado 05 01\/08\/2024 P-FOR-05 Evaluaci\u00f3n de Resultados de Aprendizaje 04 07\/02\/2025<\/p>\n","protected":false},"author":1,"featured_media":0,"parent":0,"menu_order":0,"comment_status":"closed","ping_status":"closed","template":"","meta":{"footnotes":""},"class_list":["post-535","page","type-page","status-publish","hentry"],"_links":{"self":[{"href":"https:\/\/sig.iser.edu.co\/index.php\/wp-json\/wp\/v2\/pages\/535","targetHints":{"allow":["GET"]}}],"collection":[{"href":"https:\/\/sig.iser.edu.co\/index.php\/wp-json\/wp\/v2\/pages"}],"about":[{"href":"https:\/\/sig.iser.edu.co\/index.php\/wp-json\/wp\/v2\/types\/page"}],"author":[{"embeddable":true,"href":"https:\/\/sig.iser.edu.co\/index.php\/wp-json\/wp\/v2\/users\/1"}],"replies":[{"embeddable":true,"href":"https:\/\/sig.iser.edu.co\/index.php\/wp-json\/wp\/v2\/comments?post=535"}],"version-history":[{"count":54,"href":"https:\/\/sig.iser.edu.co\/index.php\/wp-json\/wp\/v2\/pages\/535\/revisions"}],"predecessor-version":[{"id":6609,"href":"https:\/\/sig.iser.edu.co\/index.php\/wp-json\/wp\/v2\/pages\/535\/revisions\/6609"}],"wp:attachment":[{"href":"https:\/\/sig.iser.edu.co\/index.php\/wp-json\/wp\/v2\/media?parent=535"}],"curies":[{"name":"wp","href":"https:\/\/api.w.org\/{rel}","templated":true}]}}