{"id":75,"date":"2017-02-01T22:51:14","date_gmt":"2017-02-01T22:51:14","guid":{"rendered":"http:\/\/www.apps.iser.edu.co\/sig\/?page_id=75"},"modified":"2024-02-05T23:01:03","modified_gmt":"2024-02-05T23:01:03","slug":"vision","status":"publish","type":"page","link":"https:\/\/sig.iser.edu.co\/index.php\/vision\/","title":{"rendered":"VISI\u00d3N"},"content":{"rendered":"<h1><em>En el a\u00f1o 2030 el Instituto Superior de Educaci\u00f3n Rural-ISER, ser\u00e1 reconocido en el oriente colombiano como una instituci\u00f3n acreditada, incluyente y l\u00edder en la formaci\u00f3n t\u00e9cnica y tecnol\u00f3gica, con un enfoque del desarrollo humano que apuesta por la ruralidad.<\/em><\/h1>\n","protected":false},"excerpt":{"rendered":"<p>En el a\u00f1o 2030 el Instituto Superior de Educaci\u00f3n Rural-ISER, ser\u00e1 reconocido en el oriente colombiano como una instituci\u00f3n acreditada, incluyente y l\u00edder en la formaci\u00f3n t\u00e9cnica y tecnol\u00f3gica, con un enfoque del desarrollo humano que apuesta por la ruralidad.<\/p>\n","protected":false},"author":1,"featured_media":0,"parent":0,"menu_order":0,"comment_status":"closed","ping_status":"closed","template":"","meta":{"footnotes":""},"class_list":["post-75","page","type-page","status-publish","hentry"],"_links":{"self":[{"href":"https:\/\/sig.iser.edu.co\/index.php\/wp-json\/wp\/v2\/pages\/75","targetHints":{"allow":["GET"]}}],"collection":[{"href":"https:\/\/sig.iser.edu.co\/index.php\/wp-json\/wp\/v2\/pages"}],"about":[{"href":"https:\/\/sig.iser.edu.co\/index.php\/wp-json\/wp\/v2\/types\/page"}],"author":[{"embeddable":true,"href":"https:\/\/sig.iser.edu.co\/index.php\/wp-json\/wp\/v2\/users\/1"}],"replies":[{"embeddable":true,"href":"https:\/\/sig.iser.edu.co\/index.php\/wp-json\/wp\/v2\/comments?post=75"}],"version-history":[{"count":3,"href":"https:\/\/sig.iser.edu.co\/index.php\/wp-json\/wp\/v2\/pages\/75\/revisions"}],"predecessor-version":[{"id":5145,"href":"https:\/\/sig.iser.edu.co\/index.php\/wp-json\/wp\/v2\/pages\/75\/revisions\/5145"}],"wp:attachment":[{"href":"https:\/\/sig.iser.edu.co\/index.php\/wp-json\/wp\/v2\/media?parent=75"}],"curies":[{"name":"wp","href":"https:\/\/api.w.org\/{rel}","templated":true}]}}