{"id":767,"date":"2017-02-12T21:34:56","date_gmt":"2017-02-12T21:34:56","guid":{"rendered":"http:\/\/www.apps.iser.edu.co\/sig\/?page_id=767"},"modified":"2025-12-16T20:47:22","modified_gmt":"2025-12-16T20:47:22","slug":"formatos-3","status":"publish","type":"page","link":"https:\/\/sig.iser.edu.co\/index.php\/formatos-3\/","title":{"rendered":"FORMATOS EXTENSI\u00d3N"},"content":{"rendered":"<table width=\"100%\">\n<tbody>\n<tr>\n<td width=\"16%\">\n<p style=\"text-align: center;\"><strong>C\u00d3DIGO<\/strong><\/p>\n<\/td>\n<td width=\"53%\">\n<p style=\"text-align: center;\"><strong>NOMBRE DEL DOCUMENTO<\/strong><\/p>\n<\/td>\n<td width=\"14%\">\n<p style=\"text-align: center;\"><strong>VERSI\u00d3N<\/strong><\/p>\n<\/td>\n<td width=\"14%\">\n<p style=\"text-align: center;\"><strong>FECHA<\/strong><\/p>\n<\/td>\n<\/tr>\n<tr>\n<td width=\"16%\">\n<p style=\"text-align: center;\">F-EXT-01<\/p>\n<\/td>\n<td width=\"53%\"><a href=\"https:\/\/sig.iser.edu.co\/wp-content\/uploads\/2024\/08\/F-EXT-01-Propuesta-de-Educaci%C3%B3n-Continuada-v02.docx\">Propuesta de Educaci\u00f3n Continuada<\/a><\/td>\n<td width=\"14%\">\n<p style=\"text-align: center;\">02<\/p>\n<\/td>\n<td width=\"14%\">\n<p style=\"text-align: center;\">01\/08\/2024<\/p>\n<\/td>\n<\/tr>\n<tr>\n<td width=\"16%\">\n<p style=\"text-align: center;\">F-EXT-03<\/p>\n<\/td>\n<td width=\"53%\"><a href=\"https:\/\/sig.iser.edu.co\/wp-content\/uploads\/2024\/08\/F-EXT-03-Informe-T%C3%A9cnico-Labores-de-Extensi%C3%B3n-v02.docx\">Informe T\u00e9cnico Labores de Extensi\u00f3n<\/a><\/td>\n<td width=\"14%\">\n<p style=\"text-align: center;\">02<\/p>\n<\/td>\n<td width=\"14%\">\n<p style=\"text-align: center;\">01\/08\/2024<\/p>\n<\/td>\n<\/tr>\n<tr>\n<td width=\"16%\">\n<p style=\"text-align: center;\">F-EXT-05<\/p>\n<\/td>\n<td width=\"53%\"><a href=\"https:\/\/sig.iser.edu.co\/wp-content\/uploads\/2024\/08\/F-EXT-05-Gu%C3%ADa-Metodol%C3%B3gica-de-Eventos-v02.docx\">Gu\u00eda Metodol\u00f3gica de Eventos<\/a><\/td>\n<td width=\"14%\">\n<p style=\"text-align: center;\">02<\/p>\n<\/td>\n<td width=\"14%\">\n<p style=\"text-align: center;\">01\/08\/2024<\/p>\n<\/td>\n<\/tr>\n<tr>\n<td width=\"16%\">\n<p style=\"text-align: center;\">F-EXT-06<\/p>\n<\/td>\n<td width=\"53%\"><a href=\"https:\/\/sig.iser.edu.co\/wp-content\/uploads\/2024\/09\/F-EXT-06-Plan-de-Trabajo-y-Seguimiento-Horas-de-Servicio-Social-v01.docx\">Plan de Trabajo y Seguimiento Horas de Servicio Social<\/a><\/td>\n<td width=\"14%\">\n<p style=\"text-align: center;\">01<\/p>\n<\/td>\n<td width=\"14%\">\n<p style=\"text-align: center;\">11\/09\/2024<\/p>\n<\/td>\n<\/tr>\n<tr>\n<td width=\"16%\">\n<p style=\"text-align: center;\">F-EXT-07<\/p>\n<\/td>\n<td width=\"53%\"><a href=\"https:\/\/sig.iser.edu.co\/wp-content\/uploads\/2024\/08\/F-EXT-07-Acta-de-Compromiso-para-Salida-Acad%C3%A9mica-v02.docx\">Acta de Compromiso para Salida Acad\u00e9mica<\/a><\/td>\n<td width=\"14%\">\n<p style=\"text-align: center;\">02<\/p>\n<\/td>\n<td width=\"14%\">\n<p style=\"text-align: center;\">01\/08\/2024<\/p>\n<\/td>\n<\/tr>\n<tr>\n<td width=\"16%\">\n<p style=\"text-align: center;\">F-EXT-14<\/p>\n<\/td>\n<td width=\"53%\"><a href=\"https:\/\/sig.iser.edu.co\/wp-content\/uploads\/2024\/09\/F-EXT-14-Informe-Servicio-Social-v03-1.docx\">Informe Servicio Social<\/a><\/td>\n<td width=\"14%\">\n<p style=\"text-align: center;\">03<\/p>\n<\/td>\n<td width=\"14%\">\n<p style=\"text-align: center;\">11\/09\/2024<\/p>\n<\/td>\n<\/tr>\n<tr>\n<td width=\"16%\">\n<p style=\"text-align: center;\">F-EXT-15<\/p>\n<\/td>\n<td width=\"53%\"><a href=\"https:\/\/sig.iser.edu.co\/wp-content\/uploads\/2024\/09\/F-EXT-15-Registro-de-Constancias-de-Servicio-Social-v03.xlsx\">Registro de Constancias de Servicio Social<\/a><\/td>\n<td width=\"14%\">\n<p style=\"text-align: center;\">03<\/p>\n<\/td>\n<td width=\"14%\">\n<p style=\"text-align: center;\">11\/09\/2024<\/p>\n<\/td>\n<\/tr>\n<tr>\n<td width=\"16%\">\n<p style=\"text-align: center;\">F-EXT-16<\/p>\n<\/td>\n<td width=\"53%\"><a href=\"https:\/\/sig.iser.edu.co\/wp-content\/uploads\/2024\/08\/F-EXT-16-Definici%C3%B3n-de-Propuestas-de-Extensi%C3%B3n-v03.docx\">Definici\u00f3n de Propuestas de Extensi\u00f3n<\/a><\/td>\n<td width=\"14%\">\n<p style=\"text-align: center;\">03<\/p>\n<\/td>\n<td width=\"14%\">\n<p style=\"text-align: center;\">01\/08\/2024<\/p>\n<\/td>\n<\/tr>\n<tr>\n<td width=\"16%\">\n<p style=\"text-align: center;\">F-EXT-18<\/p>\n<\/td>\n<td width=\"53%\"><a href=\"https:\/\/sig.iser.edu.co\/wp-content\/uploads\/2024\/08\/F-EXT-18-Cronograma-y-Seguimiento-de-las-Actividades-de-los-Programas-de-Egresados-e-Internacionalizaci%C3%B3n-v02.xlsx\">Cronograma y Seguimiento de las Actividades de los Programas de Egresados e Internacionalizaci\u00f3n<\/a><\/td>\n<td width=\"14%\">\n<p style=\"text-align: center;\">02<\/p>\n<\/td>\n<td width=\"14%\">\n<p style=\"text-align: center;\">01\/08\/2024<\/p>\n<\/td>\n<\/tr>\n<\/tbody>\n<\/table>\n","protected":false},"excerpt":{"rendered":"<p>C\u00d3DIGO NOMBRE DEL DOCUMENTO VERSI\u00d3N FECHA F-EXT-01 Propuesta de Educaci\u00f3n Continuada 02 01\/08\/2024 F-EXT-03 Informe T\u00e9cnico Labores de Extensi\u00f3n 02 01\/08\/2024 F-EXT-05 Gu\u00eda Metodol\u00f3gica de Eventos 02 01\/08\/2024 F-EXT-06 Plan de Trabajo y Seguimiento Horas de Servicio Social 01 11\/09\/2024 F-EXT-07 Acta de Compromiso para Salida Acad\u00e9mica 02 01\/08\/2024 F-EXT-14 Informe Servicio Social 03 11\/09\/2024 <a href=\"https:\/\/sig.iser.edu.co\/index.php\/formatos-3\/\" rel=\"nofollow\"><span class=\"sr-only\">Read more about FORMATOS EXTENSI\u00d3N<\/span>[&#8230;]<\/a><\/p>\n","protected":false},"author":1,"featured_media":0,"parent":0,"menu_order":0,"comment_status":"closed","ping_status":"closed","template":"","meta":{"footnotes":""},"class_list":["post-767","page","type-page","status-publish","hentry"],"_links":{"self":[{"href":"https:\/\/sig.iser.edu.co\/index.php\/wp-json\/wp\/v2\/pages\/767","targetHints":{"allow":["GET"]}}],"collection":[{"href":"https:\/\/sig.iser.edu.co\/index.php\/wp-json\/wp\/v2\/pages"}],"about":[{"href":"https:\/\/sig.iser.edu.co\/index.php\/wp-json\/wp\/v2\/types\/page"}],"author":[{"embeddable":true,"href":"https:\/\/sig.iser.edu.co\/index.php\/wp-json\/wp\/v2\/users\/1"}],"replies":[{"embeddable":true,"href":"https:\/\/sig.iser.edu.co\/index.php\/wp-json\/wp\/v2\/comments?post=767"}],"version-history":[{"count":61,"href":"https:\/\/sig.iser.edu.co\/index.php\/wp-json\/wp\/v2\/pages\/767\/revisions"}],"predecessor-version":[{"id":6475,"href":"https:\/\/sig.iser.edu.co\/index.php\/wp-json\/wp\/v2\/pages\/767\/revisions\/6475"}],"wp:attachment":[{"href":"https:\/\/sig.iser.edu.co\/index.php\/wp-json\/wp\/v2\/media?parent=767"}],"curies":[{"name":"wp","href":"https:\/\/api.w.org\/{rel}","templated":true}]}}