{"id":77,"date":"2017-02-01T22:53:24","date_gmt":"2017-02-01T22:53:24","guid":{"rendered":"http:\/\/www.apps.iser.edu.co\/sig\/?page_id=77"},"modified":"2024-02-05T23:03:34","modified_gmt":"2024-02-05T23:03:34","slug":"objetivos-de-calidad","status":"publish","type":"page","link":"https:\/\/sig.iser.edu.co\/index.php\/objetivos-de-calidad\/","title":{"rendered":"OBJETIVOS DE CALIDAD"},"content":{"rendered":"<h1><em>1. Formar profesionales integrales a trav\u00e9s de los procesos misionales que generen soluciones a las necesidades y problem\u00e1ticas de la regi\u00f3n y el pa\u00eds para el desarrollo rural y urbano.<\/em><\/h1>\n<h1><em>\u00a0<\/em><\/h1>\n<h1><em>2. Garantizar la prestaci\u00f3n del servicio educativo en t\u00e9rminos de equidad y oportunidad para los diferentes grupos poblacionales del pa\u00eds.<\/em><\/h1>\n<h1><em>\u00a0<\/em><\/h1>\n<h1><em>3. Buscar la mejora continua del Sistema Integrado de Gesti\u00f3n que satisfaga de manera eficiente las necesidades y expectativas de los clientes internos y externos.<\/em><\/h1>\n","protected":false},"excerpt":{"rendered":"<p>1. Formar profesionales integrales a trav\u00e9s de los procesos misionales que generen soluciones a las necesidades y problem\u00e1ticas de la regi\u00f3n y el pa\u00eds para el desarrollo rural y urbano. \u00a0 2. Garantizar la prestaci\u00f3n del servicio educativo en t\u00e9rminos de equidad y oportunidad para los diferentes grupos poblacionales del pa\u00eds. \u00a0 3. Buscar la <a href=\"https:\/\/sig.iser.edu.co\/index.php\/objetivos-de-calidad\/\" rel=\"nofollow\"><span class=\"sr-only\">Read more about OBJETIVOS DE CALIDAD<\/span>[&#8230;]<\/a><\/p>\n","protected":false},"author":1,"featured_media":0,"parent":0,"menu_order":0,"comment_status":"closed","ping_status":"closed","template":"","meta":{"footnotes":""},"class_list":["post-77","page","type-page","status-publish","hentry"],"_links":{"self":[{"href":"https:\/\/sig.iser.edu.co\/index.php\/wp-json\/wp\/v2\/pages\/77","targetHints":{"allow":["GET"]}}],"collection":[{"href":"https:\/\/sig.iser.edu.co\/index.php\/wp-json\/wp\/v2\/pages"}],"about":[{"href":"https:\/\/sig.iser.edu.co\/index.php\/wp-json\/wp\/v2\/types\/page"}],"author":[{"embeddable":true,"href":"https:\/\/sig.iser.edu.co\/index.php\/wp-json\/wp\/v2\/users\/1"}],"replies":[{"embeddable":true,"href":"https:\/\/sig.iser.edu.co\/index.php\/wp-json\/wp\/v2\/comments?post=77"}],"version-history":[{"count":6,"href":"https:\/\/sig.iser.edu.co\/index.php\/wp-json\/wp\/v2\/pages\/77\/revisions"}],"predecessor-version":[{"id":5148,"href":"https:\/\/sig.iser.edu.co\/index.php\/wp-json\/wp\/v2\/pages\/77\/revisions\/5148"}],"wp:attachment":[{"href":"https:\/\/sig.iser.edu.co\/index.php\/wp-json\/wp\/v2\/media?parent=77"}],"curies":[{"name":"wp","href":"https:\/\/api.w.org\/{rel}","templated":true}]}}